{"id":3139,"date":"2024-04-10T16:42:37","date_gmt":"2024-04-10T16:42:37","guid":{"rendered":"https:\/\/lo5.szczecin.pl\/?page_id=3139"},"modified":"2024-04-10T16:42:37","modified_gmt":"2024-04-10T16:42:37","slug":"oplaty","status":"publish","type":"page","link":"https:\/\/lo5.szczecin.pl\/?page_id=3139","title":{"rendered":"Op\u0142aty"},"content":{"rendered":"<p>Na rachunek bankowy szko\u0142y:<\/p>\n<p>V Liceum Og\u00f3lnokszta\u0142c\u0105ce z Oddzia\u0142ami Dwuj\u0119zycznymi w Szczecinie<\/p>\n<p>Bank PKO BP Odzia\u0142 Szczecin<\/p>\n<p>nr&nbsp;<strong>27 1020 4795 0000 9002 0421 2916<\/strong><\/p>\n<p>mo\u017cna dokonywa\u0107 nast\u0119puj\u0105cych op\u0142at:<\/p>\n<ul>\n<li><strong>za monografi\u0119 (60 z\u0142)<\/strong><\/li>\n<li><strong>za obiady, z tytu\u0142em op\u0142aty: obiady, nazwisko i imi\u0119 ucznia, miesi\u0105c, klasa;<\/strong><\/li>\n<li><strong>za duplikat legitymacji szkolnej, w wysoko\u015bci 9 z\u0142, z tytu\u0142em op\u0142aty: duplikat legitymacji, nazwisko i imi\u0119 ucznia, klasa;<\/strong><\/li>\n<li><strong>za duplikat \u015bwiadectwa, w wysoko\u015bci 26 z\u0142, z tytu\u0142em op\u0142aty: duplikat \u015bwiadectwa, imi\u0119 i nazwisko.<\/strong><\/li>\n<\/ul>\n","protected":false},"excerpt":{"rendered":"<p>Na rachunek bankowy szko\u0142y: V Liceum Og\u00f3lnokszta\u0142c\u0105ce z Oddzia\u0142ami Dwuj\u0119zycznymi w Szczecinie Bank PKO BP Odzia\u0142 Szczecin nr&nbsp;27 1020 4795 0000 9002 0421 2916 mo\u017cna dokonywa\u0107 nast\u0119puj\u0105cych op\u0142at: za monografi\u0119 (60 z\u0142) za obiady, z tytu\u0142em op\u0142aty: obiady, nazwisko i imi\u0119 ucznia, miesi\u0105c, klasa; za duplikat legitymacji szkolnej, w wysoko\u015bci [&hellip;]<\/p>\n","protected":false},"author":2,"featured_media":0,"parent":0,"menu_order":0,"comment_status":"closed","ping_status":"closed","template":"","meta":{"ngg_post_thumbnail":0,"footnotes":""},"folder":[],"class_list":["post-3139","page","type-page","status-publish","hentry"],"_links":{"self":[{"href":"https:\/\/lo5.szczecin.pl\/index.php?rest_route=\/wp\/v2\/pages\/3139","targetHints":{"allow":["GET"]}}],"collection":[{"href":"https:\/\/lo5.szczecin.pl\/index.php?rest_route=\/wp\/v2\/pages"}],"about":[{"href":"https:\/\/lo5.szczecin.pl\/index.php?rest_route=\/wp\/v2\/types\/page"}],"author":[{"embeddable":true,"href":"https:\/\/lo5.szczecin.pl\/index.php?rest_route=\/wp\/v2\/users\/2"}],"replies":[{"embeddable":true,"href":"https:\/\/lo5.szczecin.pl\/index.php?rest_route=%2Fwp%2Fv2%2Fcomments&post=3139"}],"version-history":[{"count":1,"href":"https:\/\/lo5.szczecin.pl\/index.php?rest_route=\/wp\/v2\/pages\/3139\/revisions"}],"predecessor-version":[{"id":3140,"href":"https:\/\/lo5.szczecin.pl\/index.php?rest_route=\/wp\/v2\/pages\/3139\/revisions\/3140"}],"wp:attachment":[{"href":"https:\/\/lo5.szczecin.pl\/index.php?rest_route=%2Fwp%2Fv2%2Fmedia&parent=3139"}],"wp:term":[{"taxonomy":"folder","embeddable":true,"href":"https:\/\/lo5.szczecin.pl\/index.php?rest_route=%2Fwp%2Fv2%2Ffolder&post=3139"}],"curies":[{"name":"wp","href":"https:\/\/api.w.org\/{rel}","templated":true}]}}