{"id":2534,"date":"2023-05-27T15:04:11","date_gmt":"2023-05-27T15:04:11","guid":{"rendered":"http:\/\/lo5.szczecin.pl\/?page_id=2534"},"modified":"2023-05-27T15:04:11","modified_gmt":"2023-05-27T15:04:11","slug":"doradztwo","status":"publish","type":"page","link":"https:\/\/lo5.szczecin.pl\/?page_id=2534","title":{"rendered":"Doradztwo"},"content":{"rendered":"<div class=\"row\">\n<div id=\"middle-column\" class=\"span12 \">\n<div class=\"inside\">\n<div class=\"item-page\">\n<div class=\"page-header\">\n<h2>Materia\u0142y<\/h2>\n<\/div>\n<p><strong>DORADZTWO ZAWODOWE:<\/strong><strong>&nbsp;<\/strong><\/p>\n<p><a href=\"https:\/\/doradztwo.ore.edu.pl\/sciezka-ksztalcenia\/\"><strong>https:\/\/doradztwo.ore.edu.pl\/sciezka-ksztalcenia\/<\/strong><\/a><strong>:&nbsp;<\/strong><strong>dla os\u00f3b zainteresowanych&nbsp; kszta\u0142ceniem pocz\u0105wszy od ponadpodstawowego,<\/strong><\/p>\n<p><strong>Edukacja \u2013 Baza plac\u00f3wek edukacyjnych w Polsce \u2013 eduBaza&nbsp;<\/strong><a href=\"https:\/\/www.edubaza.pl\/\"><strong>https:\/\/www.edubaza.pl\/<\/strong><\/a><strong>,<\/strong>&nbsp;<a href=\"https:\/\/uczelnie.studentnews.pl\/\"><strong>https:\/\/uczelnie.studentnews.pl\/<\/strong><\/a><strong>: dla os\u00f3b zainteresowanych studiami.<\/strong><\/p>\n<p><a href=\"https:\/\/doradztwo.ore.edu.pl\/przydatne-linki\/\"><strong>https:\/\/doradztwo.ore.edu.pl\/przydatne-linki\/<\/strong><\/a><strong>:&nbsp;<\/strong><strong>tu<\/strong><strong>&nbsp;mo\u017cemy poszukiwa\u0107 odpowiedzi<br \/>\nz r\u00f3\u017cnych obszar\u00f3w, np.: prawa, kszta\u0142cenia w r\u00f3\u017cnych formach, zaanga\u017cowaniu samorz\u0105d\u00f3w w rynek pracy, program\u00f3w europejskich wspieraj\u0105cych kszta\u0142cenie.<\/strong><\/p>\n<p><strong>Linki do informacji<\/strong><strong>&nbsp;o&nbsp;programach europejskich:<\/strong><\/p>\n<ul>\n<li style=\"list-style-type: none;\">\n<ol>\n<li><a href=\"http:\/\/ec.europa.eu\/dgs\/education_culture\/index_pl.html\"><strong>Directorate General for Education and Culture<\/strong><\/a><\/li>\n<li><a href=\"http:\/\/erasmusplus.org.pl\/\"><strong>Erasmus+<\/strong><\/a><\/li>\n<li><a href=\"http:\/\/ec.europa.eu\/eures\/home.jsp?lang=pl\"><strong>Eures \u2013 Europejski Portal Mobilno\u015bci Zawodowej<\/strong><\/a><\/li>\n<li><a href=\"http:\/\/ec.europa.eu\/europedirect\/visit_us\/relays\/index_pl.htm\"><strong>Europa Direct<\/strong><\/a><\/li>\n<li><a href=\"https:\/\/www.frse.org.pl\/program\/europass\/\"><strong>Europass<\/strong><\/a><\/li>\n<li><a href=\"http:\/\/www.eurodesk.pl\/\"><strong>Eurodesk<\/strong><\/a><\/li>\n<li><a href=\"http:\/\/ec.europa.eu\/ploteus\"><strong>Learning Opportunities and Qualifications in Europe<\/strong><\/a><\/li>\n<li><a href=\"http:\/\/www.euroguidance.eu\/\"><strong>Euroguidance \u2013 mi\u0119dzynarodowa strona Sieci Euroguidance<\/strong><\/a><\/li>\n<li><a href=\"http:\/\/www.euraxess.pl\/\"><strong>EURAXESS \u2013 Sie\u0107 Centr\u00f3w Informacji dla Naukowc\u00f3w<\/strong><\/a><\/li>\n<li><a href=\"http:\/\/eacea.ec.europa.eu\/\"><strong>EACEA \u2013 The Education, Audiovisual and Culture Executive Agency<\/strong><\/a><strong>.<\/strong><\/li>\n<\/ol>\n<\/li>\n<\/ul>\n<p><strong>&nbsp;<\/strong><\/p>\n<p><strong>Dla wszystkich zainteresowanych<\/strong><strong>&nbsp;<\/strong><\/p>\n<p><strong>filmy z obszaru tematyki zawodoznawczej, jednak filmiki sprawdzaj\u0105 si\u0119 w ka\u017cdych okoliczno\u015bciach. Animowane filmy ze strony ORE (odpr\u0119\u017caj\u0105ca forma, przyjazna dla ka\u017cdego wieku, chocia\u017c wprost by\u0142a skierowana do klasy II i III gimnazjum):<\/strong><\/p>\n<p><strong>&nbsp;<\/strong><\/p>\n<p><strong>Zmiana &#8211; sta\u0142y element \u017cycia<\/strong>&nbsp;(odcinek 1)&nbsp;<a href=\"https:\/\/www.youtube.com\/watch?v=762XasOJ5NQ\">https:\/\/www.youtube.com\/watch?v=762XasOJ5NQ<\/a><\/p>\n<p><strong>Stres &#8211; wr\u00f3g czy przyjaciel?<\/strong>&nbsp;(odcinek 2)&nbsp;<a href=\"https:\/\/www.youtube.com\/watch?v=7Tg81LhIFTU\">https:\/\/www.youtube.com\/watch?v=7Tg81LhIFTU<\/a><\/p>\n<p><strong>Motywacja &#8211; co to jest i po co?<\/strong>&nbsp;(odcinek 3)&nbsp;<a href=\"https:\/\/www.youtube.com\/watch?v=iwvWiCpDNks\">https:\/\/www.youtube.com\/watch?v=iwvWiCpDNks<\/a><\/p>\n<p><strong>Wsp\u00f3\u0142praca &#8211; czy wsp\u00f3\u0142praca si\u0119 op\u0142aca?<\/strong>&nbsp;(odcinek 4)&nbsp;<a href=\"https:\/\/www.youtube.com\/watch?v=eFaIE6Nczh0\">https:\/\/www.youtube.com\/watch?v=eFaIE6Nczh0<\/a><\/p>\n<p><strong>Jaki jestem? Oto jest pytanie?&nbsp;<\/strong>&nbsp;(odcinek 5)&nbsp;<a href=\"https:\/\/www.youtube.com\/watch?v=4gp_EQ7F_bo\">https:\/\/www.youtube.com\/watch?v=4gp_EQ7F_bo<\/a><\/p>\n<p><strong>Zainteresowania &#8211; inspiracja do dzia\u0142ania i spos\u00f3b na relaks<\/strong>&nbsp;(odcinek 6)&nbsp;<a href=\"https:\/\/www.youtube.com\/watch?v=tRwvykWkp74\">https:\/\/www.youtube.com\/watch?v=tRwvykWkp74<\/a><\/p>\n<p><strong>Podsumowanie wiedzy o sobie&nbsp;<\/strong>(odcinek 7)&nbsp;&nbsp;&nbsp;<a href=\"https:\/\/www.youtube.com\/watch?v=tTRvWhGRBbA\">https:\/\/www.youtube.com\/watch?v=tTRvWhGRBbA<\/a><\/p>\n<p><strong>Przymiarka do wyboru zawodu<\/strong>&nbsp;(odcinek 8)&nbsp;<a href=\"https:\/\/www.youtube.com\/watch?v=KrC8g5sBGfg\">https:\/\/www.youtube.com\/watch?v=KrC8g5sBGfg<\/a><\/p>\n<p><strong>Decyzje &#8211; szanse czy ograniczenia<\/strong>&nbsp;(odcinek 9)&nbsp;<a href=\"https:\/\/www.youtube.com\/watch?v=62fFT6NvdKQ\">https:\/\/www.youtube.com\/watch?v=62fFT6NvdKQ<\/a><\/p>\n<p><strong>Zawody &#8211; co warto o nich wiedzie\u0107<\/strong>&nbsp;(odcinek 10)&nbsp;<a href=\"https:\/\/www.youtube.com\/watch?v=6TYKpA64ouc\">https:\/\/www.youtube.com\/watch?v=6TYKpA64ouc<\/a><\/p>\n<p><strong>Szkolnictwo ponadpodstawowe<\/strong>&nbsp;(wpisane jest ponadgimnazjalne) \u2013&nbsp;<strong>ale jakie<\/strong>&nbsp;(odcinek 11)&nbsp;<a href=\"https:\/\/www.youtube.com\/watch?v=b4-J5TzwQ6s\">https:\/\/www.youtube.com\/watch?v=b4-J5TzwQ6s<\/a><\/p>\n<p><strong>Krok za krokiem \u2013 czyli nie od razu Krak\u00f3w zbudowano<\/strong>&nbsp;(odcinek 12 ostatni)&nbsp;<a href=\"https:\/\/www.youtube.com\/watch?v=_M5z21D35-Q\">https:\/\/www.youtube.com\/watch?v=_M5z21D35-Q<\/a><\/p>\n<\/div>\n<\/div>\n<\/div>\n<\/div>\n<div class=\"separator\">\n<p>&nbsp;<\/p>\n<\/div>\n","protected":false},"excerpt":{"rendered":"<p>Materia\u0142y DORADZTWO ZAWODOWE:&nbsp; https:\/\/doradztwo.ore.edu.pl\/sciezka-ksztalcenia\/:&nbsp;dla os\u00f3b zainteresowanych&nbsp; kszta\u0142ceniem pocz\u0105wszy od ponadpodstawowego, Edukacja \u2013 Baza plac\u00f3wek edukacyjnych w Polsce \u2013 eduBaza&nbsp;https:\/\/www.edubaza.pl\/,&nbsp;https:\/\/uczelnie.studentnews.pl\/: dla os\u00f3b zainteresowanych studiami. https:\/\/doradztwo.ore.edu.pl\/przydatne-linki\/:&nbsp;tu&nbsp;mo\u017cemy poszukiwa\u0107 odpowiedzi z r\u00f3\u017cnych obszar\u00f3w, np.: prawa, kszta\u0142cenia w r\u00f3\u017cnych formach, zaanga\u017cowaniu samorz\u0105d\u00f3w w rynek pracy, program\u00f3w europejskich wspieraj\u0105cych kszta\u0142cenie. Linki do informacji&nbsp;o&nbsp;programach europejskich: Directorate General [&hellip;]<\/p>\n","protected":false},"author":1,"featured_media":0,"parent":2357,"menu_order":0,"comment_status":"closed","ping_status":"closed","template":"","meta":{"ngg_post_thumbnail":0,"footnotes":""},"folder":[],"class_list":["post-2534","page","type-page","status-publish","hentry"],"_links":{"self":[{"href":"https:\/\/lo5.szczecin.pl\/index.php?rest_route=\/wp\/v2\/pages\/2534","targetHints":{"allow":["GET"]}}],"collection":[{"href":"https:\/\/lo5.szczecin.pl\/index.php?rest_route=\/wp\/v2\/pages"}],"about":[{"href":"https:\/\/lo5.szczecin.pl\/index.php?rest_route=\/wp\/v2\/types\/page"}],"author":[{"embeddable":true,"href":"https:\/\/lo5.szczecin.pl\/index.php?rest_route=\/wp\/v2\/users\/1"}],"replies":[{"embeddable":true,"href":"https:\/\/lo5.szczecin.pl\/index.php?rest_route=%2Fwp%2Fv2%2Fcomments&post=2534"}],"version-history":[{"count":1,"href":"https:\/\/lo5.szczecin.pl\/index.php?rest_route=\/wp\/v2\/pages\/2534\/revisions"}],"predecessor-version":[{"id":2535,"href":"https:\/\/lo5.szczecin.pl\/index.php?rest_route=\/wp\/v2\/pages\/2534\/revisions\/2535"}],"up":[{"embeddable":true,"href":"https:\/\/lo5.szczecin.pl\/index.php?rest_route=\/wp\/v2\/pages\/2357"}],"wp:attachment":[{"href":"https:\/\/lo5.szczecin.pl\/index.php?rest_route=%2Fwp%2Fv2%2Fmedia&parent=2534"}],"wp:term":[{"taxonomy":"folder","embeddable":true,"href":"https:\/\/lo5.szczecin.pl\/index.php?rest_route=%2Fwp%2Fv2%2Ffolder&post=2534"}],"curies":[{"name":"wp","href":"https:\/\/api.w.org\/{rel}","templated":true}]}}