{"id":2528,"date":"2023-05-27T14:59:12","date_gmt":"2023-05-27T14:59:12","guid":{"rendered":"http:\/\/lo5.szczecin.pl\/?page_id=2528"},"modified":"2023-05-27T14:59:12","modified_gmt":"2023-05-27T14:59:12","slug":"humor-w-bibliotece","status":"publish","type":"page","link":"https:\/\/lo5.szczecin.pl\/?page_id=2528","title":{"rendered":"Humor w bibliotece"},"content":{"rendered":"<div class=\"page-header\">\n<h2>Humor w bibliotece<\/h2>\n<\/div>\n<p>M\u0142odzie\u017c, przychodz\u0105c do biblioteki szkolnej, dostarcza nie lada rozrywki. Uczniowie prosz\u0105c o ksi\u0105\u017cki, przekr\u0119caj\u0105 i zmieniaj\u0105 zar\u00f3wno ich tytu\u0142y, jak i nazwiska autor\u00f3w. Bardzo cz\u0119sto s\u0105 one podawane przez nauczycieli w ostatniej chwili, tu\u017c przed lub po dzwonku. Uczniowie \u201ew biegu\u201d staraj\u0105 si\u0119 zapami\u0119ta\u0107 tytu\u0142 lub autora, wykazuj\u0105c si\u0119 przy tym niebywa\u0142a pomys\u0142owo\u015bci\u0105. Czasami same, w pierwszej chwili mamy problemy ze skojarzeniem w\u0142a\u015bciwej lektury.<\/p>\n<p>Postanowi\u0142y\u015bmy co jaki\u015b czas spisywa\u0107 i wywiesza\u0107 w gablocie biblioteki list\u0119 poszukiwanych przez uczni\u00f3w ksi\u0105\u017cek w uj\u0119ciu humorystycznym. K\u0105cik z t\u0105 list\u0105 cieszy si\u0119 du\u017cym zainteresowaniem, a uczniowie domagaj\u0105 si\u0119 jej ci\u0105g\u0142ej aktualizacji.<\/p>\n<h3>Oto niekt\u00f3re \u201etytu\u0142y\u201d ksi\u0105\u017cek poszukiwanych przez uczni\u00f3w:<\/h3>\n<ul>\n<li>\u201eO takim m\u0142odym, co cierpia\u0142\u201d (Cierpienia m\u0142odego Werthera)<\/li>\n<li>\u201ePoprosz\u0119 m\u0119ki na W\u201d, \u201eWspomnienie m\u0142odego Werthera\u201d(Cierpienia m\u0142odego Werthera)<\/li>\n<li>\u201eCierpienia m\u0142odego Woltera\u201d (Cierpienia m\u0142odego Werthera)<\/li>\n<li>\u201eO jakim\u015b w\u015bciek\u0142ym ptaku\u201d (Dzika Kaczka)<\/li>\n<li>\u201eParasol , czy jak\u0105\u015b teczk\u0119 Gogola\u201d (Szynel)<\/li>\n<li>\u201eJuliusz Wielki\u201d (Juliusz Cezar)<\/li>\n<li>\u201e\u015awi\u0144tuszek\u201d (\u015awi\u0119toszek)<\/li>\n<li>\u201eChcia\u0142em co\u015b So\u0142\u017cenicowa\u201d (chodzi o So\u0142\u017cenicyna)<\/li>\n<li>\u201eCyd Kandyda\u201d (Cyd Corneille\u2019a , a Kandyd Voltaire\u2019a)<\/li>\n<li>\u201eWie\u017ca Borowskiego\u201d (Wie\u017ca Herlinga-Grudzi\u0144skiego)<\/li>\n<li>\u201eCo\u015b o w\u0119glu Sienkiewicza\u201d (Szkice weglem)<\/li>\n<li>\u201eDzieje Christiana i Izoldy\u201d (Dzieje Tristana i Izoldy)<\/li>\n<li>\u201ePoprosz\u0119 lektur\u0119 z historii, cienk\u0105 i \u017ceby by\u0142o du\u017co intryg\u201d<\/li>\n<li>\u201eMadonna z karuzelami\u201d (Karuzela z madonnami M. Bia\u0142oszewskiego)<\/li>\n<li>\u201eBuszuj\u0105cy w trawie czy w sadzie\u201d (Buszuj\u0105cy w zbo\u017cu J.D.Salingera)<\/li>\n<li>\u201eCo\u015b o pierwszym na \u015bwiecie casanowie\u201d (chodzi o Zeusa)<\/li>\n<li>\u201ePoprosz\u0119 zbi\u00f3r zada\u0144 Kaktus z matematyki\u201d (Matematyka z weso\u0142ym kangurem)<\/li>\n<li>\u201ePsy Dostojewskiego\u201d (Biesy)<\/li>\n<li>\u201eMenel pozna\u0144ski\u201d (Mendel Gda\u0144ski)<\/li>\n<li>\u201e\u015aluby i rozwody\u201d (\u015aluby panie\u0144skie)<\/li>\n<li>\u201eKarabin na g\u0142owie\u201d (Z g\u0142ow\u0105 na karabinie)<\/li>\n<li>\u201eZ\u0142ota kaczka\u201d (Dzika kaczka)<\/li>\n<li>\u201eOmnibus\u201d (Syllabus)<\/li>\n<li>\u201eWariat Dostojewskiego\u201d (Idiota)<\/li>\n<li>\u201eCzy jest ksi\u0105\u017cka, \u017ceby rozpoznawa\u0142a ro\u015blinki\u201d (Przewodnik do oznaczania ro\u015blin)<\/li>\n<li>\u201eKoran S\u0142owackiego\u201d (Kordian)<\/li>\n<\/ul>\n","protected":false},"excerpt":{"rendered":"<p>Humor w bibliotece M\u0142odzie\u017c, przychodz\u0105c do biblioteki szkolnej, dostarcza nie lada rozrywki. Uczniowie prosz\u0105c o ksi\u0105\u017cki, przekr\u0119caj\u0105 i zmieniaj\u0105 zar\u00f3wno ich tytu\u0142y, jak i nazwiska autor\u00f3w. Bardzo cz\u0119sto s\u0105 one podawane przez nauczycieli w ostatniej chwili, tu\u017c przed lub po dzwonku. Uczniowie \u201ew biegu\u201d staraj\u0105 si\u0119 zapami\u0119ta\u0107 tytu\u0142 lub autora, [&hellip;]<\/p>\n","protected":false},"author":1,"featured_media":0,"parent":2351,"menu_order":0,"comment_status":"closed","ping_status":"closed","template":"","meta":{"ngg_post_thumbnail":0,"footnotes":""},"folder":[],"class_list":["post-2528","page","type-page","status-publish","hentry"],"_links":{"self":[{"href":"https:\/\/lo5.szczecin.pl\/index.php?rest_route=\/wp\/v2\/pages\/2528","targetHints":{"allow":["GET"]}}],"collection":[{"href":"https:\/\/lo5.szczecin.pl\/index.php?rest_route=\/wp\/v2\/pages"}],"about":[{"href":"https:\/\/lo5.szczecin.pl\/index.php?rest_route=\/wp\/v2\/types\/page"}],"author":[{"embeddable":true,"href":"https:\/\/lo5.szczecin.pl\/index.php?rest_route=\/wp\/v2\/users\/1"}],"replies":[{"embeddable":true,"href":"https:\/\/lo5.szczecin.pl\/index.php?rest_route=%2Fwp%2Fv2%2Fcomments&post=2528"}],"version-history":[{"count":1,"href":"https:\/\/lo5.szczecin.pl\/index.php?rest_route=\/wp\/v2\/pages\/2528\/revisions"}],"predecessor-version":[{"id":2529,"href":"https:\/\/lo5.szczecin.pl\/index.php?rest_route=\/wp\/v2\/pages\/2528\/revisions\/2529"}],"up":[{"embeddable":true,"href":"https:\/\/lo5.szczecin.pl\/index.php?rest_route=\/wp\/v2\/pages\/2351"}],"wp:attachment":[{"href":"https:\/\/lo5.szczecin.pl\/index.php?rest_route=%2Fwp%2Fv2%2Fmedia&parent=2528"}],"wp:term":[{"taxonomy":"folder","embeddable":true,"href":"https:\/\/lo5.szczecin.pl\/index.php?rest_route=%2Fwp%2Fv2%2Ffolder&post=2528"}],"curies":[{"name":"wp","href":"https:\/\/api.w.org\/{rel}","templated":true}]}}