{"id":2444,"date":"2023-05-27T13:30:30","date_gmt":"2023-05-27T13:30:30","guid":{"rendered":"http:\/\/lo5.szczecin.pl\/?page_id=2444"},"modified":"2023-06-15T11:39:52","modified_gmt":"2023-06-15T11:39:52","slug":"rodo-zdalne-nauczanie","status":"publish","type":"page","link":"https:\/\/lo5.szczecin.pl\/?page_id=2444","title":{"rendered":"RODO &#8211; zdalne nauczanie"},"content":{"rendered":"<div class=\"page-header\">\n<h2>RODO &#8211; zdalne nauczanie<\/h2>\n<\/div>\n<p>Poni\u017cszy dokument zawiera klauzul\u0119 RODO dotycz\u0105c\u0105 zdalnego nauczania w V Liceum Og\u00f3lnokszta\u0142c\u0105cycm z Oddzia\u0142ami Dwuj\u0119zycznymi im. Adama Asnyka w Szczecinie:<\/p>\n<p>&nbsp;<\/p>\n<p><a title=\"RODO - zdalne nauczanie\" href=\"https:\/\/lo5.szczecin.pl\/wp-content\/uploads\/2023\/06\/\/Nauczanie_zdalne_RODO.pdf\" target=\"_blank\" rel=\"noopener noreferrer\">RODO &#8211; klauzula dla zdalnego nauczania<\/a><\/p>\n","protected":false},"excerpt":{"rendered":"<p>RODO &#8211; zdalne nauczanie Poni\u017cszy dokument zawiera klauzul\u0119 RODO dotycz\u0105c\u0105 zdalnego nauczania w V Liceum Og\u00f3lnokszta\u0142c\u0105cycm z Oddzia\u0142ami Dwuj\u0119zycznymi im. Adama Asnyka w Szczecinie: &nbsp; RODO &#8211; klauzula dla zdalnego nauczania<\/p>\n","protected":false},"author":1,"featured_media":0,"parent":2335,"menu_order":0,"comment_status":"closed","ping_status":"closed","template":"","meta":{"ngg_post_thumbnail":0,"footnotes":""},"folder":[],"class_list":["post-2444","page","type-page","status-publish","hentry"],"_links":{"self":[{"href":"https:\/\/lo5.szczecin.pl\/index.php?rest_route=\/wp\/v2\/pages\/2444","targetHints":{"allow":["GET"]}}],"collection":[{"href":"https:\/\/lo5.szczecin.pl\/index.php?rest_route=\/wp\/v2\/pages"}],"about":[{"href":"https:\/\/lo5.szczecin.pl\/index.php?rest_route=\/wp\/v2\/types\/page"}],"author":[{"embeddable":true,"href":"https:\/\/lo5.szczecin.pl\/index.php?rest_route=\/wp\/v2\/users\/1"}],"replies":[{"embeddable":true,"href":"https:\/\/lo5.szczecin.pl\/index.php?rest_route=%2Fwp%2Fv2%2Fcomments&post=2444"}],"version-history":[{"count":2,"href":"https:\/\/lo5.szczecin.pl\/index.php?rest_route=\/wp\/v2\/pages\/2444\/revisions"}],"predecessor-version":[{"id":2619,"href":"https:\/\/lo5.szczecin.pl\/index.php?rest_route=\/wp\/v2\/pages\/2444\/revisions\/2619"}],"up":[{"embeddable":true,"href":"https:\/\/lo5.szczecin.pl\/index.php?rest_route=\/wp\/v2\/pages\/2335"}],"wp:attachment":[{"href":"https:\/\/lo5.szczecin.pl\/index.php?rest_route=%2Fwp%2Fv2%2Fmedia&parent=2444"}],"wp:term":[{"taxonomy":"folder","embeddable":true,"href":"https:\/\/lo5.szczecin.pl\/index.php?rest_route=%2Fwp%2Fv2%2Ffolder&post=2444"}],"curies":[{"name":"wp","href":"https:\/\/api.w.org\/{rel}","templated":true}]}}