{"id":2435,"date":"2023-05-27T13:23:31","date_gmt":"2023-05-27T13:23:31","guid":{"rendered":"http:\/\/lo5.szczecin.pl\/?page_id=2435"},"modified":"2025-05-29T09:07:25","modified_gmt":"2025-05-29T09:07:25","slug":"rodo-pozostale-klauzule","status":"publish","type":"page","link":"https:\/\/lo5.szczecin.pl\/?page_id=2435","title":{"rendered":"RODO &#8211; pozosta\u0142e klauzule"},"content":{"rendered":"<div class=\"page-header\">\n<h2>RODO &#8211; pozosta\u0142e klauzule<\/h2>\n<\/div>\n<p>Poni\u017cej znajduj\u0105 si\u0119 pozosta\u0142e klauzule RODO, dotycz\u0105ce:<\/p>\n<ul>\n<li><a class=\"pdf\" href=\"https:\/\/lo5.szczecin.pl\/wp-content\/uploads\/2025\/05\/2024-klauzula-kontrahent.pdf\" target=\"_blank\" rel=\"noopener\">Klauzula informacyjna dla kontrahent\u00f3w<\/a><\/li>\n<li><a class=\"pdf\" href=\"https:\/\/lo5.szczecin.pl\/wp-content\/uploads\/2025\/05\/2024-klauzula-zfs.pdf\" target=\"_blank\" rel=\"noopener\">Klauzula informacyjna dla os\u00f3b korzystaj\u0105cych z Zak\u0142adowego Funduszu \u015awiadcze\u0144 Socjalnych oraz pomocy zdrowotnej dla Nauczycieli<\/a><\/li>\n<li><a class=\"pdf\" href=\"https:\/\/lo5.szczecin.pl\/wp-content\/uploads\/2025\/05\/2024-klauzula-monitoring.pdf\" target=\"_blank\" rel=\"noopener\">Klauzula informacyjna dla os\u00f3b znajduj\u0105cych si\u0119 w zasi\u0119gu monitoringu<\/a><\/li>\n<li><a class=\"pdf\" href=\"https:\/\/lo5.szczecin.pl\/wp-content\/uploads\/2025\/05\/2024-klauzula-pracownik.pdf\" target=\"_blank\" rel=\"noopener\">Klauzula informacyjna dla pracownik\u00f3w<\/a><\/li>\n<li><a class=\"pdf\" href=\"https:\/\/lo5.szczecin.pl\/wp-content\/uploads\/2025\/05\/2024-klauzula-rodzice-poprzyj.pdf\" target=\"_blank\" rel=\"noopener\">Klauzula informacyjna dla uczni\u00f3w i rodzic\u00f3w \u2013 po przyj\u0119ciu do szko\u0142y<\/a><\/li>\n<li><a class=\"pdf\" href=\"https:\/\/lo5.szczecin.pl\/wp-content\/uploads\/2025\/05\/2024-klauzula-rodzice-procrek.pdf\" target=\"_blank\" rel=\"noopener\">Klauzula informacyjna dla uczni\u00f3w i rodzic\u00f3w \u2013 proces rekrutacji<\/a><\/li>\n<li><a class=\"pdf\" href=\"https:\/\/lo5.szczecin.pl\/wp-content\/uploads\/2023\/06\/\/zgoda-na-przetwarzanie-wizerunku.pdf\" target=\"_blank\" rel=\"noopener\">Formularz zgody na przetwarzanie wizerunku<\/a><\/li>\n<li><a class=\"pdf\" href=\"https:\/\/lo5.szczecin.pl\/wp-content\/uploads\/2023\/06\/\/Wizyjny.pdf\" target=\"_blank\" rel=\"noopener\">Regulamin udost\u0119pniania danych osobowych z monitoringu wizyjnego<\/a><\/li>\n<\/ul>\n","protected":false},"excerpt":{"rendered":"<p>RODO &#8211; pozosta\u0142e klauzule Poni\u017cej znajduj\u0105 si\u0119 pozosta\u0142e klauzule RODO, dotycz\u0105ce: Klauzula informacyjna dla kontrahent\u00f3w Klauzula informacyjna dla os\u00f3b korzystaj\u0105cych z Zak\u0142adowego Funduszu \u015awiadcze\u0144 Socjalnych oraz pomocy zdrowotnej dla Nauczycieli Klauzula informacyjna dla os\u00f3b znajduj\u0105cych si\u0119 w zasi\u0119gu monitoringu Klauzula informacyjna dla pracownik\u00f3w Klauzula informacyjna dla uczni\u00f3w i rodzic\u00f3w \u2013 [&hellip;]<\/p>\n","protected":false},"author":1,"featured_media":0,"parent":2335,"menu_order":0,"comment_status":"closed","ping_status":"closed","template":"","meta":{"ngg_post_thumbnail":0,"footnotes":""},"folder":[],"class_list":["post-2435","page","type-page","status-publish","hentry"],"_links":{"self":[{"href":"https:\/\/lo5.szczecin.pl\/index.php?rest_route=\/wp\/v2\/pages\/2435","targetHints":{"allow":["GET"]}}],"collection":[{"href":"https:\/\/lo5.szczecin.pl\/index.php?rest_route=\/wp\/v2\/pages"}],"about":[{"href":"https:\/\/lo5.szczecin.pl\/index.php?rest_route=\/wp\/v2\/types\/page"}],"author":[{"embeddable":true,"href":"https:\/\/lo5.szczecin.pl\/index.php?rest_route=\/wp\/v2\/users\/1"}],"replies":[{"embeddable":true,"href":"https:\/\/lo5.szczecin.pl\/index.php?rest_route=%2Fwp%2Fv2%2Fcomments&post=2435"}],"version-history":[{"count":7,"href":"https:\/\/lo5.szczecin.pl\/index.php?rest_route=\/wp\/v2\/pages\/2435\/revisions"}],"predecessor-version":[{"id":3562,"href":"https:\/\/lo5.szczecin.pl\/index.php?rest_route=\/wp\/v2\/pages\/2435\/revisions\/3562"}],"up":[{"embeddable":true,"href":"https:\/\/lo5.szczecin.pl\/index.php?rest_route=\/wp\/v2\/pages\/2335"}],"wp:attachment":[{"href":"https:\/\/lo5.szczecin.pl\/index.php?rest_route=%2Fwp%2Fv2%2Fmedia&parent=2435"}],"wp:term":[{"taxonomy":"folder","embeddable":true,"href":"https:\/\/lo5.szczecin.pl\/index.php?rest_route=%2Fwp%2Fv2%2Ffolder&post=2435"}],"curies":[{"name":"wp","href":"https:\/\/api.w.org\/{rel}","templated":true}]}}