{"id":2414,"date":"2023-05-27T13:11:49","date_gmt":"2023-05-27T13:11:49","guid":{"rendered":"http:\/\/lo5.szczecin.pl\/?page_id=2414"},"modified":"2025-10-08T10:21:03","modified_gmt":"2025-10-08T10:21:03","slug":"sekretariat","status":"publish","type":"page","link":"https:\/\/lo5.szczecin.pl\/?page_id=2414","title":{"rendered":"Sekretariat"},"content":{"rendered":"<p>Sekretarz szko\u0142y<br \/>\n<strong>mgr in\u017c. Marta Grde\u0144<br \/>\n<\/strong><\/p>\n<p>&nbsp;<\/p>\n<p><b><span data-contrast=\"none\">GODZINY PRACY SEKRETARIATU<\/span><\/b><span data-ccp-props=\"{&quot;335551550&quot;:2,&quot;335551620&quot;:2}\">&nbsp;<\/span><\/p>\n<p><span data-ccp-props=\"{&quot;335551550&quot;:2,&quot;335551620&quot;:2}\">&nbsp;<\/span><\/p>\n<p><b><span data-contrast=\"auto\">PONIEDZIA\u0141EK&nbsp;&nbsp;&nbsp; 7.30 \u2013 10.00&nbsp; i&nbsp; 12.00 \u2013 15.30<\/span><\/b><span data-ccp-props=\"{&quot;335551550&quot;:2,&quot;335551620&quot;:2}\">&nbsp;<\/span><\/p>\n<p><b><span data-contrast=\"auto\">WTOREK&nbsp;&nbsp;&nbsp;&nbsp;&nbsp;&nbsp;&nbsp;&nbsp;&nbsp;&nbsp;&nbsp;&nbsp;&nbsp; 7.30 \u2013 10.00&nbsp; i&nbsp; 12.00 \u2013 15.30<\/span><\/b><span data-ccp-props=\"{&quot;335551550&quot;:2,&quot;335551620&quot;:2}\">&nbsp;<\/span><\/p>\n<p><b><span data-contrast=\"none\">\u015aRODA<\/span><\/b><b><span data-contrast=\"auto\">&nbsp;&nbsp;&nbsp;&nbsp;&nbsp;&nbsp;&nbsp;&nbsp;&nbsp;&nbsp;&nbsp;&nbsp;&nbsp;&nbsp;&nbsp;&nbsp; <\/span><\/b><b><span data-contrast=\"none\">7.30 \u2013 9.30<\/span><\/b><span data-ccp-props=\"{&quot;335551550&quot;:2,&quot;335551620&quot;:2}\">&nbsp;<\/span><\/p>\n<p><b><span data-contrast=\"auto\">CZWARTEK&nbsp;&nbsp;&nbsp;&nbsp;&nbsp;&nbsp;&nbsp;&nbsp; 7.30 \u2013 10.00&nbsp; i&nbsp; 12.00 \u2013 15.30<\/span><\/b><span data-ccp-props=\"{&quot;335551550&quot;:2,&quot;335551620&quot;:2}\">&nbsp;<\/span><\/p>\n<p><b><span data-contrast=\"auto\">PI\u0104TEK&nbsp;&nbsp;&nbsp;&nbsp;&nbsp;&nbsp;&nbsp;&nbsp;&nbsp;&nbsp;&nbsp;&nbsp;&nbsp;&nbsp;&nbsp; 7.30 \u2013 10.00&nbsp; i&nbsp; 12.00 \u2013 15.30<\/span><\/b><span data-ccp-props=\"{&quot;335551550&quot;:2,&quot;335551620&quot;:2}\">&nbsp;<\/span><\/p>\n<p><span data-ccp-props=\"{&quot;335551550&quot;:2,&quot;335551620&quot;:2}\">&nbsp;<\/span><\/p>\n<p><span data-ccp-props=\"{&quot;335551550&quot;:2,&quot;335551620&quot;:2}\">&nbsp;<\/span><\/p>\n<p><span data-contrast=\"auto\">&nbsp;&nbsp;&nbsp;&nbsp;&nbsp;&nbsp;&nbsp;&nbsp;&nbsp;&nbsp;&nbsp;&nbsp;&nbsp;&nbsp;&nbsp;&nbsp;&nbsp;&nbsp;&nbsp;&nbsp;&nbsp;&nbsp;&nbsp;&nbsp;&nbsp;&nbsp;&nbsp;<\/span><span data-ccp-props=\"{}\">&nbsp;<\/span><\/p>\n<p>&nbsp;<\/p>\n<div class=\"swm-post-title-section\">\n<div class=\"swm-post-title-content\">\n<div class=\"swm-post-title\">&nbsp;<\/div>\n<\/div>\n<\/div>\n<div class=\"swm-post-list-content-section swm-post-list-single-content-section\">\n<div class=\"swm-post-single-content\">\n<p>&nbsp;<\/p>\n<\/div>\n<\/div>\n<p>&nbsp;<\/p>\n<p>&nbsp;<\/p>\n","protected":false},"excerpt":{"rendered":"<p>Sekretarz szko\u0142y mgr in\u017c. Marta Grde\u0144 &nbsp; GODZINY PRACY SEKRETARIATU&nbsp; &nbsp; PONIEDZIA\u0141EK&nbsp;&nbsp;&nbsp; 7.30 \u2013 10.00&nbsp; i&nbsp; 12.00 \u2013 15.30&nbsp; WTOREK&nbsp;&nbsp;&nbsp;&nbsp;&nbsp;&nbsp;&nbsp;&nbsp;&nbsp;&nbsp;&nbsp;&nbsp;&nbsp; 7.30 \u2013 10.00&nbsp; i&nbsp; 12.00 \u2013 15.30&nbsp; \u015aRODA&nbsp;&nbsp;&nbsp;&nbsp;&nbsp;&nbsp;&nbsp;&nbsp;&nbsp;&nbsp;&nbsp;&nbsp;&nbsp;&nbsp;&nbsp;&nbsp; 7.30 \u2013 9.30&nbsp; CZWARTEK&nbsp;&nbsp;&nbsp;&nbsp;&nbsp;&nbsp;&nbsp;&nbsp; 7.30 \u2013 10.00&nbsp; i&nbsp; 12.00 \u2013 15.30&nbsp; PI\u0104TEK&nbsp;&nbsp;&nbsp;&nbsp;&nbsp;&nbsp;&nbsp;&nbsp;&nbsp;&nbsp;&nbsp;&nbsp;&nbsp;&nbsp;&nbsp; 7.30 \u2013 10.00&nbsp; i&nbsp; 12.00 \u2013 15.30&nbsp; &nbsp; &nbsp; &nbsp;&nbsp;&nbsp;&nbsp;&nbsp;&nbsp;&nbsp;&nbsp;&nbsp;&nbsp;&nbsp;&nbsp;&nbsp;&nbsp;&nbsp;&nbsp;&nbsp;&nbsp;&nbsp;&nbsp;&nbsp;&nbsp;&nbsp;&nbsp;&nbsp;&nbsp;&nbsp;&nbsp; [&hellip;]<\/p>\n","protected":false},"author":1,"featured_media":0,"parent":2335,"menu_order":0,"comment_status":"closed","ping_status":"closed","template":"","meta":{"ngg_post_thumbnail":0,"footnotes":""},"folder":[],"class_list":["post-2414","page","type-page","status-publish","hentry"],"_links":{"self":[{"href":"https:\/\/lo5.szczecin.pl\/index.php?rest_route=\/wp\/v2\/pages\/2414","targetHints":{"allow":["GET"]}}],"collection":[{"href":"https:\/\/lo5.szczecin.pl\/index.php?rest_route=\/wp\/v2\/pages"}],"about":[{"href":"https:\/\/lo5.szczecin.pl\/index.php?rest_route=\/wp\/v2\/types\/page"}],"author":[{"embeddable":true,"href":"https:\/\/lo5.szczecin.pl\/index.php?rest_route=\/wp\/v2\/users\/1"}],"replies":[{"embeddable":true,"href":"https:\/\/lo5.szczecin.pl\/index.php?rest_route=%2Fwp%2Fv2%2Fcomments&post=2414"}],"version-history":[{"count":7,"href":"https:\/\/lo5.szczecin.pl\/index.php?rest_route=\/wp\/v2\/pages\/2414\/revisions"}],"predecessor-version":[{"id":3684,"href":"https:\/\/lo5.szczecin.pl\/index.php?rest_route=\/wp\/v2\/pages\/2414\/revisions\/3684"}],"up":[{"embeddable":true,"href":"https:\/\/lo5.szczecin.pl\/index.php?rest_route=\/wp\/v2\/pages\/2335"}],"wp:attachment":[{"href":"https:\/\/lo5.szczecin.pl\/index.php?rest_route=%2Fwp%2Fv2%2Fmedia&parent=2414"}],"wp:term":[{"taxonomy":"folder","embeddable":true,"href":"https:\/\/lo5.szczecin.pl\/index.php?rest_route=%2Fwp%2Fv2%2Ffolder&post=2414"}],"curies":[{"name":"wp","href":"https:\/\/api.w.org\/{rel}","templated":true}]}}