{"id":2355,"date":"2023-05-09T06:37:05","date_gmt":"2023-05-09T06:37:05","guid":{"rendered":"http:\/\/lo5.szczecin.pl\/?page_id=2355"},"modified":"2023-06-27T11:43:04","modified_gmt":"2023-06-27T11:43:04","slug":"dla-pracownikow","status":"publish","type":"page","link":"https:\/\/lo5.szczecin.pl\/?page_id=2355","title":{"rendered":"Dla pracownik\u00f3w"},"content":{"rendered":"<div class=\"page-header\">\n<h2>Dokumenty<\/h2>\n<\/div>\n<p>Osoby chc\u0105ce skorzysta\u0107 z dofinansowania wypoczynku organizowanego we w\u0142asnym zakresie (tzw. \u201ewczasy pod grusz\u0105\u201d) proszone s\u0105 do dostarczenie wype\u0142nionego wniosku do sekretariatu szko\u0142y do dnia 15 czerwca 2021r.<\/p>\n<p>Dzi\u0119kujemy!<\/p>\n<p>Jak wype\u0142ni\u0107 wniosek?<\/p>\n<ul>\n<li><a class=\"pdf\" href=\"https:\/\/old.lo5.szczecin.pl\/images\/socjal\/jak_wypeni_wniosek.pdf\">Instrukcja<\/a><\/li>\n<\/ul>\n<p>Wniosek o przyznanie \u015bwiadczenia&nbsp;z zak\u0142adowego funduszu \u015bwiadcze\u0144 socjalnych&nbsp;<\/p>\n<ul>\n<li><a class=\"pdf\" href=\"https:\/\/old.lo5.szczecin.pl\/images\/socjal\/WNIOSEK.pdf\">Pobierz<\/a><\/li>\n<li><a class=\"pdf\" href=\"https:\/\/old.lo5.szczecin.pl\/images\/socjal\/WNIOSEK_DZIECI.pdf\">Pobierz \u2013 dzieci<\/a><\/li>\n<\/ul>\n","protected":false},"excerpt":{"rendered":"<p>Dokumenty Osoby chc\u0105ce skorzysta\u0107 z dofinansowania wypoczynku organizowanego we w\u0142asnym zakresie (tzw. \u201ewczasy pod grusz\u0105\u201d) proszone s\u0105 do dostarczenie wype\u0142nionego wniosku do sekretariatu szko\u0142y do dnia 15 czerwca 2021r. Dzi\u0119kujemy! Jak wype\u0142ni\u0107 wniosek? Instrukcja Wniosek o przyznanie \u015bwiadczenia&nbsp;z zak\u0142adowego funduszu \u015bwiadcze\u0144 socjalnych&nbsp; Pobierz Pobierz \u2013 dzieci<\/p>\n","protected":false},"author":1,"featured_media":0,"parent":0,"menu_order":0,"comment_status":"closed","ping_status":"closed","template":"","meta":{"ngg_post_thumbnail":0,"footnotes":""},"folder":[],"class_list":["post-2355","page","type-page","status-publish","hentry"],"_links":{"self":[{"href":"https:\/\/lo5.szczecin.pl\/index.php?rest_route=\/wp\/v2\/pages\/2355","targetHints":{"allow":["GET"]}}],"collection":[{"href":"https:\/\/lo5.szczecin.pl\/index.php?rest_route=\/wp\/v2\/pages"}],"about":[{"href":"https:\/\/lo5.szczecin.pl\/index.php?rest_route=\/wp\/v2\/types\/page"}],"author":[{"embeddable":true,"href":"https:\/\/lo5.szczecin.pl\/index.php?rest_route=\/wp\/v2\/users\/1"}],"replies":[{"embeddable":true,"href":"https:\/\/lo5.szczecin.pl\/index.php?rest_route=%2Fwp%2Fv2%2Fcomments&post=2355"}],"version-history":[{"count":2,"href":"https:\/\/lo5.szczecin.pl\/index.php?rest_route=\/wp\/v2\/pages\/2355\/revisions"}],"predecessor-version":[{"id":2734,"href":"https:\/\/lo5.szczecin.pl\/index.php?rest_route=\/wp\/v2\/pages\/2355\/revisions\/2734"}],"wp:attachment":[{"href":"https:\/\/lo5.szczecin.pl\/index.php?rest_route=%2Fwp%2Fv2%2Fmedia&parent=2355"}],"wp:term":[{"taxonomy":"folder","embeddable":true,"href":"https:\/\/lo5.szczecin.pl\/index.php?rest_route=%2Fwp%2Fv2%2Ffolder&post=2355"}],"curies":[{"name":"wp","href":"https:\/\/api.w.org\/{rel}","templated":true}]}}